{"id":1331,"date":"2022-06-03T11:21:55","date_gmt":"2022-06-03T09:21:55","guid":{"rendered":"https:\/\/soreco-group.com\/soreco-espana\/actualites\/"},"modified":"2023-01-20T16:07:36","modified_gmt":"2023-01-20T15:07:36","slug":"nuestras-novedades","status":"publish","type":"page","link":"https:\/\/soreco-spain.com\/es\/nuestras-novedades\/","title":{"rendered":"Noticias"},"content":{"rendered":"<p><span style=\"font-weight: 400;\">Aparte de la experiencia, SORECO se centra en el saber estar de sus <\/span><span style=\"font-weight: 400;\">empleados <\/span><span style=\"font-weight: 400;\">colaboradores<\/span><span style=\"font-weight: 400;\">.<\/span><span style=\"font-weight: 400;\"> Adem\u00e1s, si bien el dominio del espa\u00f1ol, italiano portugu\u00e9s no es un prerrequisito, ser\u00e1 una ventaja en su candidatura.<\/span><\/p>\n","protected":false},"excerpt":{"rendered":"<p>Aparte de la experiencia, SORECO se centra en el saber estar de sus empleados colaboradores. Adem\u00e1s, si bien el dominio del espa\u00f1ol, italiano portugu\u00e9s no es un prerrequisito, ser\u00e1 una ventaja en su candidatura.<\/p>\n","protected":false},"author":1,"featured_media":5016,"parent":0,"menu_order":0,"comment_status":"closed","ping_status":"closed","template":"","meta":{"_acf_changed":false,"inline_featured_image":false,"footnotes":""},"class_list":["post-1331","page","type-page","status-publish","has-post-thumbnail","hentry"],"acf":[],"yoast_head":"<!-- This site is optimized with the Yoast SEO plugin v25.0 - https:\/\/yoast.com\/wordpress\/plugins\/seo\/ -->\n<title>Las novedades de SORECO, despachos de expertos contables y abogados con oficinas en Madrid, Mil\u00e1n, Lisboa y Barcelona.<\/title>\n<meta name=\"description\" content=\"Novedades de SORECO, despacho franc\u00e9s de expertos contables y abogados con oficinas en Madrid, Mil\u00e1n, Lisboa y Barcelona.\" \/>\n<meta name=\"robots\" content=\"index, follow, max-snippet:-1, max-image-preview:large, max-video-preview:-1\" \/>\n<link rel=\"canonical\" href=\"https:\/\/soreco-spain.com\/es\/nuestras-novedades\/\" \/>\n<meta property=\"og:locale\" content=\"es_ES\" \/>\n<meta property=\"og:type\" content=\"article\" \/>\n<meta property=\"og:title\" content=\"Las novedades de SORECO, despachos de expertos contables y abogados con oficinas en Madrid, Mil\u00e1n, Lisboa y Barcelona.\" \/>\n<meta property=\"og:description\" content=\"Novedades de SORECO, despacho franc\u00e9s de expertos contables y abogados con oficinas en Madrid, Mil\u00e1n, Lisboa y Barcelona.\" \/>\n<meta property=\"og:url\" content=\"https:\/\/soreco-spain.com\/es\/nuestras-novedades\/\" \/>\n<meta property=\"og:site_name\" content=\"Soreco Espa\u00f1a\" \/>\n<meta property=\"article:modified_time\" content=\"2023-01-20T15:07:36+00:00\" \/>\n<meta property=\"og:image\" content=\"https:\/\/soreco-spain.com\/wp-content\/uploads\/sites\/2\/2022\/08\/actualites.png\" \/>\n\t<meta property=\"og:image:width\" content=\"510\" \/>\n\t<meta property=\"og:image:height\" content=\"550\" \/>\n\t<meta property=\"og:image:type\" content=\"image\/png\" \/>\n<meta name=\"twitter:card\" content=\"summary_large_image\" \/>\n<meta name=\"twitter:label1\" content=\"Tiempo de lectura\" \/>\n\t<meta name=\"twitter:data1\" content=\"1 minuto\" \/>\n<script type=\"application\/ld+json\" class=\"yoast-schema-graph\">{\"@context\":\"https:\/\/schema.org\",\"@graph\":[{\"@type\":\"WebPage\",\"@id\":\"https:\/\/soreco-spain.com\/es\/nuestras-novedades\/\",\"url\":\"https:\/\/soreco-spain.com\/es\/nuestras-novedades\/\",\"name\":\"Las novedades de SORECO, despachos de expertos contables y abogados con oficinas en Madrid, Mil\u00e1n, Lisboa y Barcelona.\",\"isPartOf\":{\"@id\":\"https:\/\/soreco-spain.com\/es\/#website\"},\"primaryImageOfPage\":{\"@id\":\"https:\/\/soreco-spain.com\/es\/nuestras-novedades\/#primaryimage\"},\"image\":{\"@id\":\"https:\/\/soreco-spain.com\/es\/nuestras-novedades\/#primaryimage\"},\"thumbnailUrl\":\"https:\/\/soreco-spain.com\/wp-content\/uploads\/sites\/2\/2022\/08\/actualites.png\",\"datePublished\":\"2022-06-03T09:21:55+00:00\",\"dateModified\":\"2023-01-20T15:07:36+00:00\",\"description\":\"Novedades de SORECO, despacho franc\u00e9s de expertos contables y abogados con oficinas en Madrid, Mil\u00e1n, Lisboa y Barcelona.\",\"breadcrumb\":{\"@id\":\"https:\/\/soreco-spain.com\/es\/nuestras-novedades\/#breadcrumb\"},\"inLanguage\":\"es\",\"potentialAction\":[{\"@type\":\"ReadAction\",\"target\":[\"https:\/\/soreco-spain.com\/es\/nuestras-novedades\/\"]}]},{\"@type\":\"ImageObject\",\"inLanguage\":\"es\",\"@id\":\"https:\/\/soreco-spain.com\/es\/nuestras-novedades\/#primaryimage\",\"url\":\"https:\/\/soreco-spain.com\/wp-content\/uploads\/sites\/2\/2022\/08\/actualites.png\",\"contentUrl\":\"https:\/\/soreco-spain.com\/wp-content\/uploads\/sites\/2\/2022\/08\/actualites.png\",\"width\":510,\"height\":550},{\"@type\":\"BreadcrumbList\",\"@id\":\"https:\/\/soreco-spain.com\/es\/nuestras-novedades\/#breadcrumb\",\"itemListElement\":[{\"@type\":\"ListItem\",\"position\":1,\"name\":\"Accueil\",\"item\":\"https:\/\/soreco-spain.com\/es\/\"},{\"@type\":\"ListItem\",\"position\":2,\"name\":\"Noticias\"}]},{\"@type\":\"WebSite\",\"@id\":\"https:\/\/soreco-spain.com\/es\/#website\",\"url\":\"https:\/\/soreco-spain.com\/es\/\",\"name\":\"Soreco Espa\u00f1a\",\"description\":\"Experts-comptables et avocats en Espagne, en Italie et au Portugal\",\"potentialAction\":[{\"@type\":\"SearchAction\",\"target\":{\"@type\":\"EntryPoint\",\"urlTemplate\":\"https:\/\/soreco-spain.com\/es\/?s={search_term_string}\"},\"query-input\":{\"@type\":\"PropertyValueSpecification\",\"valueRequired\":true,\"valueName\":\"search_term_string\"}}],\"inLanguage\":\"es\"}]}<\/script>\n<!-- \/ Yoast SEO plugin. -->","yoast_head_json":{"title":"Las novedades de SORECO, despachos de expertos contables y abogados con oficinas en Madrid, Mil\u00e1n, Lisboa y Barcelona.","description":"Novedades de SORECO, despacho franc\u00e9s de expertos contables y abogados con oficinas en Madrid, Mil\u00e1n, Lisboa y Barcelona.","robots":{"index":"index","follow":"follow","max-snippet":"max-snippet:-1","max-image-preview":"max-image-preview:large","max-video-preview":"max-video-preview:-1"},"canonical":"https:\/\/soreco-spain.com\/es\/nuestras-novedades\/","og_locale":"es_ES","og_type":"article","og_title":"Las novedades de SORECO, despachos de expertos contables y abogados con oficinas en Madrid, Mil\u00e1n, Lisboa y Barcelona.","og_description":"Novedades de SORECO, despacho franc\u00e9s de expertos contables y abogados con oficinas en Madrid, Mil\u00e1n, Lisboa y Barcelona.","og_url":"https:\/\/soreco-spain.com\/es\/nuestras-novedades\/","og_site_name":"Soreco Espa\u00f1a","article_modified_time":"2023-01-20T15:07:36+00:00","og_image":[{"width":510,"height":550,"url":"https:\/\/soreco-spain.com\/wp-content\/uploads\/sites\/2\/2022\/08\/actualites.png","type":"image\/png"}],"twitter_card":"summary_large_image","twitter_misc":{"Tiempo de lectura":"1 minuto"},"schema":{"@context":"https:\/\/schema.org","@graph":[{"@type":"WebPage","@id":"https:\/\/soreco-spain.com\/es\/nuestras-novedades\/","url":"https:\/\/soreco-spain.com\/es\/nuestras-novedades\/","name":"Las novedades de SORECO, despachos de expertos contables y abogados con oficinas en Madrid, Mil\u00e1n, Lisboa y Barcelona.","isPartOf":{"@id":"https:\/\/soreco-spain.com\/es\/#website"},"primaryImageOfPage":{"@id":"https:\/\/soreco-spain.com\/es\/nuestras-novedades\/#primaryimage"},"image":{"@id":"https:\/\/soreco-spain.com\/es\/nuestras-novedades\/#primaryimage"},"thumbnailUrl":"https:\/\/soreco-spain.com\/wp-content\/uploads\/sites\/2\/2022\/08\/actualites.png","datePublished":"2022-06-03T09:21:55+00:00","dateModified":"2023-01-20T15:07:36+00:00","description":"Novedades de SORECO, despacho franc\u00e9s de expertos contables y abogados con oficinas en Madrid, Mil\u00e1n, Lisboa y Barcelona.","breadcrumb":{"@id":"https:\/\/soreco-spain.com\/es\/nuestras-novedades\/#breadcrumb"},"inLanguage":"es","potentialAction":[{"@type":"ReadAction","target":["https:\/\/soreco-spain.com\/es\/nuestras-novedades\/"]}]},{"@type":"ImageObject","inLanguage":"es","@id":"https:\/\/soreco-spain.com\/es\/nuestras-novedades\/#primaryimage","url":"https:\/\/soreco-spain.com\/wp-content\/uploads\/sites\/2\/2022\/08\/actualites.png","contentUrl":"https:\/\/soreco-spain.com\/wp-content\/uploads\/sites\/2\/2022\/08\/actualites.png","width":510,"height":550},{"@type":"BreadcrumbList","@id":"https:\/\/soreco-spain.com\/es\/nuestras-novedades\/#breadcrumb","itemListElement":[{"@type":"ListItem","position":1,"name":"Accueil","item":"https:\/\/soreco-spain.com\/es\/"},{"@type":"ListItem","position":2,"name":"Noticias"}]},{"@type":"WebSite","@id":"https:\/\/soreco-spain.com\/es\/#website","url":"https:\/\/soreco-spain.com\/es\/","name":"Soreco Espa\u00f1a","description":"Experts-comptables et avocats en Espagne, en Italie et au Portugal","potentialAction":[{"@type":"SearchAction","target":{"@type":"EntryPoint","urlTemplate":"https:\/\/soreco-spain.com\/es\/?s={search_term_string}"},"query-input":{"@type":"PropertyValueSpecification","valueRequired":true,"valueName":"search_term_string"}}],"inLanguage":"es"}]}},"_links":{"self":[{"href":"https:\/\/soreco-spain.com\/es\/wp-json\/wp\/v2\/pages\/1331","targetHints":{"allow":["GET"]}}],"collection":[{"href":"https:\/\/soreco-spain.com\/es\/wp-json\/wp\/v2\/pages"}],"about":[{"href":"https:\/\/soreco-spain.com\/es\/wp-json\/wp\/v2\/types\/page"}],"author":[{"embeddable":true,"href":"https:\/\/soreco-spain.com\/es\/wp-json\/wp\/v2\/users\/1"}],"replies":[{"embeddable":true,"href":"https:\/\/soreco-spain.com\/es\/wp-json\/wp\/v2\/comments?post=1331"}],"version-history":[{"count":8,"href":"https:\/\/soreco-spain.com\/es\/wp-json\/wp\/v2\/pages\/1331\/revisions"}],"predecessor-version":[{"id":6130,"href":"https:\/\/soreco-spain.com\/es\/wp-json\/wp\/v2\/pages\/1331\/revisions\/6130"}],"wp:featuredmedia":[{"embeddable":true,"href":"https:\/\/soreco-spain.com\/es\/wp-json\/wp\/v2\/media\/5016"}],"wp:attachment":[{"href":"https:\/\/soreco-spain.com\/es\/wp-json\/wp\/v2\/media?parent=1331"}],"curies":[{"name":"wp","href":"https:\/\/api.w.org\/{rel}","templated":true}]}}