{"id":1326,"date":"2022-06-07T17:18:33","date_gmt":"2022-06-07T15:18:33","guid":{"rendered":"https:\/\/soreco-group.com\/soreco-espana\/equipe\/"},"modified":"2023-12-22T12:19:13","modified_gmt":"2023-12-22T11:19:13","slug":"equipo","status":"publish","type":"page","link":"https:\/\/soreco-spain.com\/es\/equipo\/","title":{"rendered":"Nuestro equipo"},"content":{"rendered":"<p><span style=\"font-weight: 400\">Grado en Derecho\u00a0<\/span><\/p>\n<p><span style=\"font-weight: 400\">M\u00e1ster en el Ejercicio de la Abogac\u00eda<\/span><\/p>\n<p><span style=\"font-weight: 400\">8 a\u00f1os de experiencia en Espa\u00f1a <\/span><span style=\"font-weight: 400\">\u00a0<\/span><\/p>\n<p><b>Alexandra CARVALHO<\/b><span style=\"font-weight: 400\">Experto contable certificada en Portugal<\/span><\/p>\n","protected":false},"excerpt":{"rendered":"<p>Grado en Derecho\u00a0 M\u00e1ster en el Ejercicio de la Abogac\u00eda 8 a\u00f1os de experiencia en Espa\u00f1a \u00a0 Alexandra CARVALHOExperto contable certificada en Portugal<\/p>\n","protected":false},"author":1,"featured_media":0,"parent":0,"menu_order":0,"comment_status":"closed","ping_status":"closed","template":"page-templates\/team.php","meta":{"_acf_changed":false,"inline_featured_image":false,"footnotes":""},"class_list":["post-1326","page","type-page","status-publish","hentry"],"acf":[],"yoast_head":"<!-- This site is optimized with the Yoast SEO plugin v25.0 - https:\/\/yoast.com\/wordpress\/plugins\/seo\/ -->\n<title>Nuestro equipo | SORECO, expertos contables en Madrid y Barcelona.<\/title>\n<meta name=\"description\" content=\"SORECO es una firma de contabilidad inmersa en la vida econ\u00f3mica espa\u00f1ola que siempre ha sabido establecer v\u00ednculos con otras empresas.\" \/>\n<meta name=\"robots\" content=\"index, follow, max-snippet:-1, max-image-preview:large, max-video-preview:-1\" \/>\n<link rel=\"canonical\" href=\"https:\/\/soreco-spain.com\/es\/equipo\/\" \/>\n<meta property=\"og:locale\" content=\"es_ES\" \/>\n<meta property=\"og:type\" content=\"article\" \/>\n<meta property=\"og:title\" content=\"Nuestro equipo | SORECO, expertos contables en Madrid y Barcelona.\" \/>\n<meta property=\"og:description\" content=\"SORECO es una firma de contabilidad inmersa en la vida econ\u00f3mica espa\u00f1ola que siempre ha sabido establecer v\u00ednculos con otras empresas.\" \/>\n<meta property=\"og:url\" content=\"https:\/\/soreco-spain.com\/es\/equipo\/\" \/>\n<meta property=\"og:site_name\" content=\"Soreco Espa\u00f1a\" \/>\n<meta property=\"article:modified_time\" content=\"2023-12-22T11:19:13+00:00\" \/>\n<meta name=\"twitter:card\" content=\"summary_large_image\" \/>\n<meta name=\"twitter:label1\" content=\"Tiempo de lectura\" \/>\n\t<meta name=\"twitter:data1\" content=\"1 minuto\" \/>\n<script type=\"application\/ld+json\" class=\"yoast-schema-graph\">{\"@context\":\"https:\/\/schema.org\",\"@graph\":[{\"@type\":\"WebPage\",\"@id\":\"https:\/\/soreco-spain.com\/es\/equipo\/\",\"url\":\"https:\/\/soreco-spain.com\/es\/equipo\/\",\"name\":\"Nuestro equipo | SORECO, expertos contables en Madrid y Barcelona.\",\"isPartOf\":{\"@id\":\"https:\/\/soreco-spain.com\/es\/#website\"},\"datePublished\":\"2022-06-07T15:18:33+00:00\",\"dateModified\":\"2023-12-22T11:19:13+00:00\",\"description\":\"SORECO es una firma de contabilidad inmersa en la vida econ\u00f3mica espa\u00f1ola que siempre ha sabido establecer v\u00ednculos con otras empresas.\",\"breadcrumb\":{\"@id\":\"https:\/\/soreco-spain.com\/es\/equipo\/#breadcrumb\"},\"inLanguage\":\"es\",\"potentialAction\":[{\"@type\":\"ReadAction\",\"target\":[\"https:\/\/soreco-spain.com\/es\/equipo\/\"]}]},{\"@type\":\"BreadcrumbList\",\"@id\":\"https:\/\/soreco-spain.com\/es\/equipo\/#breadcrumb\",\"itemListElement\":[{\"@type\":\"ListItem\",\"position\":1,\"name\":\"Accueil\",\"item\":\"https:\/\/soreco-spain.com\/es\/\"},{\"@type\":\"ListItem\",\"position\":2,\"name\":\"Nuestro equipo\"}]},{\"@type\":\"WebSite\",\"@id\":\"https:\/\/soreco-spain.com\/es\/#website\",\"url\":\"https:\/\/soreco-spain.com\/es\/\",\"name\":\"Soreco Espa\u00f1a\",\"description\":\"Experts-comptables et avocats en Espagne, en Italie et au Portugal\",\"potentialAction\":[{\"@type\":\"SearchAction\",\"target\":{\"@type\":\"EntryPoint\",\"urlTemplate\":\"https:\/\/soreco-spain.com\/es\/?s={search_term_string}\"},\"query-input\":{\"@type\":\"PropertyValueSpecification\",\"valueRequired\":true,\"valueName\":\"search_term_string\"}}],\"inLanguage\":\"es\"}]}<\/script>\n<!-- \/ Yoast SEO plugin. -->","yoast_head_json":{"title":"Nuestro equipo | SORECO, expertos contables en Madrid y Barcelona.","description":"SORECO es una firma de contabilidad inmersa en la vida econ\u00f3mica espa\u00f1ola que siempre ha sabido establecer v\u00ednculos con otras empresas.","robots":{"index":"index","follow":"follow","max-snippet":"max-snippet:-1","max-image-preview":"max-image-preview:large","max-video-preview":"max-video-preview:-1"},"canonical":"https:\/\/soreco-spain.com\/es\/equipo\/","og_locale":"es_ES","og_type":"article","og_title":"Nuestro equipo | SORECO, expertos contables en Madrid y Barcelona.","og_description":"SORECO es una firma de contabilidad inmersa en la vida econ\u00f3mica espa\u00f1ola que siempre ha sabido establecer v\u00ednculos con otras empresas.","og_url":"https:\/\/soreco-spain.com\/es\/equipo\/","og_site_name":"Soreco Espa\u00f1a","article_modified_time":"2023-12-22T11:19:13+00:00","twitter_card":"summary_large_image","twitter_misc":{"Tiempo de lectura":"1 minuto"},"schema":{"@context":"https:\/\/schema.org","@graph":[{"@type":"WebPage","@id":"https:\/\/soreco-spain.com\/es\/equipo\/","url":"https:\/\/soreco-spain.com\/es\/equipo\/","name":"Nuestro equipo | SORECO, expertos contables en Madrid y Barcelona.","isPartOf":{"@id":"https:\/\/soreco-spain.com\/es\/#website"},"datePublished":"2022-06-07T15:18:33+00:00","dateModified":"2023-12-22T11:19:13+00:00","description":"SORECO es una firma de contabilidad inmersa en la vida econ\u00f3mica espa\u00f1ola que siempre ha sabido establecer v\u00ednculos con otras empresas.","breadcrumb":{"@id":"https:\/\/soreco-spain.com\/es\/equipo\/#breadcrumb"},"inLanguage":"es","potentialAction":[{"@type":"ReadAction","target":["https:\/\/soreco-spain.com\/es\/equipo\/"]}]},{"@type":"BreadcrumbList","@id":"https:\/\/soreco-spain.com\/es\/equipo\/#breadcrumb","itemListElement":[{"@type":"ListItem","position":1,"name":"Accueil","item":"https:\/\/soreco-spain.com\/es\/"},{"@type":"ListItem","position":2,"name":"Nuestro equipo"}]},{"@type":"WebSite","@id":"https:\/\/soreco-spain.com\/es\/#website","url":"https:\/\/soreco-spain.com\/es\/","name":"Soreco Espa\u00f1a","description":"Experts-comptables et avocats en Espagne, en Italie et au Portugal","potentialAction":[{"@type":"SearchAction","target":{"@type":"EntryPoint","urlTemplate":"https:\/\/soreco-spain.com\/es\/?s={search_term_string}"},"query-input":{"@type":"PropertyValueSpecification","valueRequired":true,"valueName":"search_term_string"}}],"inLanguage":"es"}]}},"_links":{"self":[{"href":"https:\/\/soreco-spain.com\/es\/wp-json\/wp\/v2\/pages\/1326","targetHints":{"allow":["GET"]}}],"collection":[{"href":"https:\/\/soreco-spain.com\/es\/wp-json\/wp\/v2\/pages"}],"about":[{"href":"https:\/\/soreco-spain.com\/es\/wp-json\/wp\/v2\/types\/page"}],"author":[{"embeddable":true,"href":"https:\/\/soreco-spain.com\/es\/wp-json\/wp\/v2\/users\/1"}],"replies":[{"embeddable":true,"href":"https:\/\/soreco-spain.com\/es\/wp-json\/wp\/v2\/comments?post=1326"}],"version-history":[{"count":18,"href":"https:\/\/soreco-spain.com\/es\/wp-json\/wp\/v2\/pages\/1326\/revisions"}],"predecessor-version":[{"id":6302,"href":"https:\/\/soreco-spain.com\/es\/wp-json\/wp\/v2\/pages\/1326\/revisions\/6302"}],"wp:attachment":[{"href":"https:\/\/soreco-spain.com\/es\/wp-json\/wp\/v2\/media?parent=1326"}],"curies":[{"name":"wp","href":"https:\/\/api.w.org\/{rel}","templated":true}]}}